{"id":10,"date":"2019-11-18T15:36:15","date_gmt":"2019-11-18T14:36:15","guid":{"rendered":"http:\/\/hakowiec.iq.pl\/?page_id=10"},"modified":"2020-06-09T13:26:49","modified_gmt":"2020-06-09T11:26:49","slug":"start","status":"publish","type":"page","link":"https:\/\/mptrans.com.pl\/","title":{"rendered":"Start"},"content":{"rendered":"<h2>O nas<\/h2>\n<div class=\"content\">\n<div class=\"field field-name-body field-type-text-with-summary field-label-hidden\">\n<div class=\"field-items\">\n<div class=\"field-item even\">\n<p style=\"text-align: justify;\">Firma MP-TRANS rozpocz\u0119\u0142a swoj\u0105 dzia\u0142alno\u015b\u0107 na rynku us\u0142ug transportowych w 1998 roku. Obecnie w formie kapita\u0142owej specjalizuje si\u0119 w spedycji i handlu surowcem drzewnym, takim jak: trociny, py\u0142, zr\u0119bki, drewno opa\u0142owe oraz kora sosnowa [&#8230;]<\/p>\n<p style=\"text-align: right;\"><a href=\"https:\/\/mptrans.com.pl\/o-nas\/\">czytaj wi\u0119cej &#8230;<\/a><\/p>\n<h2>Oferta<\/h2>\n<div class=\"content\">\n<div class=\"field field-name-body field-type-text-with-summary field-label-hidden\">\n<div class=\"field-items\">\n<div class=\"field-item even\">\n<p>Us\u0142ugi \u015bwiadczone przez MP-TRANS obejmuj\u0105 sprzeda\u017c i transport tartacznych produkt\u00f3w ubocznych, takich jak [&#8230;]<\/p>\n<\/div>\n<\/div>\n<\/div>\n<\/div>\n<p style=\"text-align: right;\"><a href=\"https:\/\/mptrans.com.pl\/oferta\/\">czytaj wi\u0119cej &#8230;<\/a><\/p>\n<div id=\"node-10\" class=\"node node-page node-promoted node-teaser clearfix\">\n<h2>Flota<\/h2>\n<div class=\"content\">\n<div class=\"field field-name-body field-type-text-with-summary field-label-hidden\">\n<div class=\"field-items\">\n<div class=\"field-item even\">\n<p style=\"text-align: justify;\">Firma posiada pojazdy typu \u201ehakowiec\u201d wraz z HDS, przystosowane do przewozu materia\u0142\u00f3w sypkich, a tak\u017ce wymienne kontenery, kt\u00f3re wstawia do licznych wsp\u00f3\u0142pracuj\u0105cych tartak\u00f3w, stolarni i zak\u0142ad\u00f3w drzewnych [&#8230;]<\/p>\n<\/div>\n<\/div>\n<\/div>\n<\/div>\n<p style=\"text-align: right;\"><a href=\"https:\/\/mptrans.com.pl\/flota\/\">czytaj wi\u0119cej &#8230;<\/a><\/p>\n<\/div>\n<div id=\"node-11\" class=\"node node-page node-promoted node-teaser clearfix\">\n<h2>Wsp\u00f3\u0142praca<\/h2>\n<div class=\"content\">\n<div class=\"field field-name-body field-type-text-with-summary field-label-hidden\">\n<div class=\"field-items\">\n<div class=\"field-item even\">\n<p style=\"text-align: justify;\">Nasza firma stale poszukuje zak\u0142ad\u00f3w drzewnych, stolarni, tartak\u00f3w, zak\u0142ad\u00f3w produkcji mebli oraz wszystkich firm, kt\u00f3re posiadaj\u0105 w sprzeda\u017cy trociny, zr\u0119bki, zrzyny oraz kor\u0119 sosnow\u0105, a tak\u017ce odbiorc\u00f3w powy\u017cszych surowc\u00f3w. Sta\u0142ym kontrahentom jeste\u015bmy w stanie nieodp\u0142atnie dostarczy\u0107 wymienne kontenery [&#8230;]<\/p>\n<\/div>\n<\/div>\n<\/div>\n<\/div>\n<p style=\"text-align: right;\"><a href=\"https:\/\/mptrans.com.pl\/wspolpraca\/\">czytaj wi\u0119cej &#8230;<\/a><\/p>\n<\/div>\n<\/div>\n<\/div>\n<\/div>\n<\/div>\n","protected":false},"excerpt":{"rendered":"<p>O nas Firma MP-TRANS rozpocz\u0119\u0142a swoj\u0105 dzia\u0142alno\u015b\u0107 na rynku us\u0142ug transportowych w 1998 roku. Obecnie w formie kapita\u0142owej specjalizuje si\u0119 w spedycji i handlu surowcem drzewnym, takim jak: trociny, py\u0142, zr\u0119bki, drewno opa\u0142owe oraz kora sosnowa [&#8230;] czytaj wi\u0119cej &#8230;<\/p>\n","protected":false},"author":1,"featured_media":0,"parent":0,"menu_order":1,"comment_status":"closed","ping_status":"closed","template":"homepage.php","meta":{"footnotes":""},"class_list":["post-10","page","type-page","status-publish","hentry"],"yoast_head":"<!-- This site is optimized with the Yoast SEO plugin v27.5 - https:\/\/yoast.com\/product\/yoast-seo-wordpress\/ -->\n<title>Start - MP TRANS Sp. z o.o<\/title>\n<meta name=\"robots\" content=\"index, follow, max-snippet:-1, max-image-preview:large, max-video-preview:-1\" \/>\n<link rel=\"canonical\" href=\"https:\/\/mptrans.com.pl\/\" \/>\n<meta property=\"og:locale\" content=\"pl_PL\" \/>\n<meta property=\"og:type\" content=\"article\" \/>\n<meta property=\"og:title\" content=\"Start - MP TRANS Sp. z o.o\" \/>\n<meta property=\"og:description\" content=\"O nas Firma MP-TRANS rozpocz\u0119\u0142a swoj\u0105 dzia\u0142alno\u015b\u0107 na rynku us\u0142ug transportowych w 1998 roku. Obecnie w formie kapita\u0142owej specjalizuje si\u0119 w spedycji i handlu surowcem drzewnym, takim jak: trociny, py\u0142, zr\u0119bki, drewno opa\u0142owe oraz kora sosnowa [&#8230;] czytaj wi\u0119cej &#8230;\" \/>\n<meta property=\"og:url\" content=\"https:\/\/mptrans.com.pl\/\" \/>\n<meta property=\"og:site_name\" content=\"MP TRANS Sp. z o.o\" \/>\n<meta property=\"article:modified_time\" content=\"2020-06-09T11:26:49+00:00\" \/>\n<meta name=\"twitter:card\" content=\"summary_large_image\" \/>\n<meta name=\"twitter:label1\" content=\"Szacowany czas czytania\" \/>\n\t<meta name=\"twitter:data1\" content=\"1 minuta\" \/>\n<script type=\"application\/ld+json\" class=\"yoast-schema-graph\">{\"@context\":\"https:\\\/\\\/schema.org\",\"@graph\":[{\"@type\":\"WebPage\",\"@id\":\"https:\\\/\\\/mptrans.com.pl\\\/\",\"url\":\"https:\\\/\\\/mptrans.com.pl\\\/\",\"name\":\"Start - MP TRANS Sp. z o.o\",\"isPartOf\":{\"@id\":\"https:\\\/\\\/mptrans.com.pl\\\/#website\"},\"datePublished\":\"2019-11-18T14:36:15+00:00\",\"dateModified\":\"2020-06-09T11:26:49+00:00\",\"breadcrumb\":{\"@id\":\"https:\\\/\\\/mptrans.com.pl\\\/#breadcrumb\"},\"inLanguage\":\"pl-PL\",\"potentialAction\":[{\"@type\":\"ReadAction\",\"target\":[\"https:\\\/\\\/mptrans.com.pl\\\/\"]}]},{\"@type\":\"BreadcrumbList\",\"@id\":\"https:\\\/\\\/mptrans.com.pl\\\/#breadcrumb\",\"itemListElement\":[{\"@type\":\"ListItem\",\"position\":1,\"name\":\"Home\",\"item\":\"https:\\\/\\\/mptrans.com.pl\\\/\"},{\"@type\":\"ListItem\",\"position\":2,\"name\":\"Start\"}]},{\"@type\":\"WebSite\",\"@id\":\"https:\\\/\\\/mptrans.com.pl\\\/#website\",\"url\":\"https:\\\/\\\/mptrans.com.pl\\\/\",\"name\":\"MP TRANS Sp. z o.o\",\"description\":\"SKUP, SPRZEDA\u017b I TRANSPORT TARTACZNYCH PRODUKT\u00d3W UBOCZNYCH\",\"publisher\":{\"@id\":\"https:\\\/\\\/mptrans.com.pl\\\/#organization\"},\"potentialAction\":[{\"@type\":\"SearchAction\",\"target\":{\"@type\":\"EntryPoint\",\"urlTemplate\":\"https:\\\/\\\/mptrans.com.pl\\\/?s={search_term_string}\"},\"query-input\":{\"@type\":\"PropertyValueSpecification\",\"valueRequired\":true,\"valueName\":\"search_term_string\"}}],\"inLanguage\":\"pl-PL\"},{\"@type\":\"Organization\",\"@id\":\"https:\\\/\\\/mptrans.com.pl\\\/#organization\",\"name\":\"MP TRANS\",\"url\":\"https:\\\/\\\/mptrans.com.pl\\\/\",\"logo\":{\"@type\":\"ImageObject\",\"inLanguage\":\"pl-PL\",\"@id\":\"https:\\\/\\\/mptrans.com.pl\\\/#\\\/schema\\\/logo\\\/image\\\/\",\"url\":\"https:\\\/\\\/mptrans.com.pl\\\/wp-content\\\/uploads\\\/2019\\\/11\\\/mptrans_logo.jpg\",\"contentUrl\":\"https:\\\/\\\/mptrans.com.pl\\\/wp-content\\\/uploads\\\/2019\\\/11\\\/mptrans_logo.jpg\",\"width\":358,\"height\":62,\"caption\":\"MP TRANS\"},\"image\":{\"@id\":\"https:\\\/\\\/mptrans.com.pl\\\/#\\\/schema\\\/logo\\\/image\\\/\"}}]}<\/script>\n<!-- \/ Yoast SEO plugin. -->","yoast_head_json":{"title":"Start - MP TRANS Sp. z o.o","robots":{"index":"index","follow":"follow","max-snippet":"max-snippet:-1","max-image-preview":"max-image-preview:large","max-video-preview":"max-video-preview:-1"},"canonical":"https:\/\/mptrans.com.pl\/","og_locale":"pl_PL","og_type":"article","og_title":"Start - MP TRANS Sp. z o.o","og_description":"O nas Firma MP-TRANS rozpocz\u0119\u0142a swoj\u0105 dzia\u0142alno\u015b\u0107 na rynku us\u0142ug transportowych w 1998 roku. Obecnie w formie kapita\u0142owej specjalizuje si\u0119 w spedycji i handlu surowcem drzewnym, takim jak: trociny, py\u0142, zr\u0119bki, drewno opa\u0142owe oraz kora sosnowa [&#8230;] czytaj wi\u0119cej &#8230;","og_url":"https:\/\/mptrans.com.pl\/","og_site_name":"MP TRANS Sp. z o.o","article_modified_time":"2020-06-09T11:26:49+00:00","twitter_card":"summary_large_image","twitter_misc":{"Szacowany czas czytania":"1 minuta"},"schema":{"@context":"https:\/\/schema.org","@graph":[{"@type":"WebPage","@id":"https:\/\/mptrans.com.pl\/","url":"https:\/\/mptrans.com.pl\/","name":"Start - MP TRANS Sp. z o.o","isPartOf":{"@id":"https:\/\/mptrans.com.pl\/#website"},"datePublished":"2019-11-18T14:36:15+00:00","dateModified":"2020-06-09T11:26:49+00:00","breadcrumb":{"@id":"https:\/\/mptrans.com.pl\/#breadcrumb"},"inLanguage":"pl-PL","potentialAction":[{"@type":"ReadAction","target":["https:\/\/mptrans.com.pl\/"]}]},{"@type":"BreadcrumbList","@id":"https:\/\/mptrans.com.pl\/#breadcrumb","itemListElement":[{"@type":"ListItem","position":1,"name":"Home","item":"https:\/\/mptrans.com.pl\/"},{"@type":"ListItem","position":2,"name":"Start"}]},{"@type":"WebSite","@id":"https:\/\/mptrans.com.pl\/#website","url":"https:\/\/mptrans.com.pl\/","name":"MP TRANS Sp. z o.o","description":"SKUP, SPRZEDA\u017b I TRANSPORT TARTACZNYCH PRODUKT\u00d3W UBOCZNYCH","publisher":{"@id":"https:\/\/mptrans.com.pl\/#organization"},"potentialAction":[{"@type":"SearchAction","target":{"@type":"EntryPoint","urlTemplate":"https:\/\/mptrans.com.pl\/?s={search_term_string}"},"query-input":{"@type":"PropertyValueSpecification","valueRequired":true,"valueName":"search_term_string"}}],"inLanguage":"pl-PL"},{"@type":"Organization","@id":"https:\/\/mptrans.com.pl\/#organization","name":"MP TRANS","url":"https:\/\/mptrans.com.pl\/","logo":{"@type":"ImageObject","inLanguage":"pl-PL","@id":"https:\/\/mptrans.com.pl\/#\/schema\/logo\/image\/","url":"https:\/\/mptrans.com.pl\/wp-content\/uploads\/2019\/11\/mptrans_logo.jpg","contentUrl":"https:\/\/mptrans.com.pl\/wp-content\/uploads\/2019\/11\/mptrans_logo.jpg","width":358,"height":62,"caption":"MP TRANS"},"image":{"@id":"https:\/\/mptrans.com.pl\/#\/schema\/logo\/image\/"}}]}},"_links":{"self":[{"href":"https:\/\/mptrans.com.pl\/index.php?rest_route=\/wp\/v2\/pages\/10","targetHints":{"allow":["GET"]}}],"collection":[{"href":"https:\/\/mptrans.com.pl\/index.php?rest_route=\/wp\/v2\/pages"}],"about":[{"href":"https:\/\/mptrans.com.pl\/index.php?rest_route=\/wp\/v2\/types\/page"}],"author":[{"embeddable":true,"href":"https:\/\/mptrans.com.pl\/index.php?rest_route=\/wp\/v2\/users\/1"}],"replies":[{"embeddable":true,"href":"https:\/\/mptrans.com.pl\/index.php?rest_route=%2Fwp%2Fv2%2Fcomments&post=10"}],"version-history":[{"count":13,"href":"https:\/\/mptrans.com.pl\/index.php?rest_route=\/wp\/v2\/pages\/10\/revisions"}],"predecessor-version":[{"id":272,"href":"https:\/\/mptrans.com.pl\/index.php?rest_route=\/wp\/v2\/pages\/10\/revisions\/272"}],"wp:attachment":[{"href":"https:\/\/mptrans.com.pl\/index.php?rest_route=%2Fwp%2Fv2%2Fmedia&parent=10"}],"curies":[{"name":"wp","href":"https:\/\/api.w.org\/{rel}","templated":true}]}}