{"id":145,"date":"2019-11-21T14:21:25","date_gmt":"2019-11-21T13:21:25","guid":{"rendered":"http:\/\/hakowiec.iq.pl\/?page_id=145"},"modified":"2019-11-21T14:21:25","modified_gmt":"2019-11-21T13:21:25","slug":"zrebki","status":"publish","type":"page","link":"https:\/\/mptrans.com.pl\/?page_id=145","title":{"rendered":"Zr\u0119bki"},"content":{"rendered":"<p>Zr\u0119bkami nazywamy drobne cz\u0105stki drewna mieszcz\u0105ce si\u0119 w wymiarach od kilku milimetr\u00f3w do kilku centymetr\u00f3w. Powstaj\u0105 one w wyniku rozdrabniania drewna w r\u0119bakach, kt\u00f3re dzielimy na r\u0119baki no\u017cowe oraz m\u0142otkowe. Maj\u0105 one zastosowanie przy produkcji p\u0142yt wi\u00f3rowych, pil\u015bniowych, celulozy, pelletu, brykietu. S\u0105 r\u00f3wnie\u017c wykorzystywane, jako paliwo w instalacjach grzewczych a tak\u017ce w ogrodnictwie<br \/>\nW ci\u0105g\u0142ej sprzeda\u017cy posiadamy zr\u0119bki tartaczne oraz le\u015bne o wymiarach i wilgotno\u015bci dopasowanych do potrzeb klienta.<\/p>\n","protected":false},"excerpt":{"rendered":"<p>Zr\u0119bkami nazywamy drobne cz\u0105stki drewna mieszcz\u0105ce si\u0119 w wymiarach od kilku milimetr\u00f3w do kilku centymetr\u00f3w. Powstaj\u0105 one w wyniku rozdrabniania drewna w r\u0119bakach, kt\u00f3re dzielimy na r\u0119baki no\u017cowe oraz m\u0142otkowe. Maj\u0105 one zastosowanie przy produkcji p\u0142yt wi\u00f3rowych, pil\u015bniowych, celulozy, pelletu,<\/p>\n","protected":false},"author":1,"featured_media":0,"parent":26,"menu_order":4,"comment_status":"closed","ping_status":"closed","template":"","meta":{"footnotes":""},"class_list":["post-145","page","type-page","status-publish","hentry"],"yoast_head":"<!-- This site is optimized with the Yoast SEO plugin v27.4 - https:\/\/yoast.com\/product\/yoast-seo-wordpress\/ -->\n<title>Zr\u0119bki - MP TRANS Sp. z o.o<\/title>\n<meta name=\"robots\" content=\"index, follow, max-snippet:-1, max-image-preview:large, max-video-preview:-1\" \/>\n<link rel=\"canonical\" href=\"https:\/\/mptrans.com.pl\/?page_id=145\" \/>\n<meta property=\"og:locale\" content=\"pl_PL\" \/>\n<meta property=\"og:type\" content=\"article\" \/>\n<meta property=\"og:title\" content=\"Zr\u0119bki - MP TRANS Sp. z o.o\" \/>\n<meta property=\"og:description\" content=\"Zr\u0119bkami nazywamy drobne cz\u0105stki drewna mieszcz\u0105ce si\u0119 w wymiarach od kilku milimetr\u00f3w do kilku centymetr\u00f3w. Powstaj\u0105 one w wyniku rozdrabniania drewna w r\u0119bakach, kt\u00f3re dzielimy na r\u0119baki no\u017cowe oraz m\u0142otkowe. Maj\u0105 one zastosowanie przy produkcji p\u0142yt wi\u00f3rowych, pil\u015bniowych, celulozy, pelletu,\" \/>\n<meta property=\"og:url\" content=\"https:\/\/mptrans.com.pl\/?page_id=145\" \/>\n<meta property=\"og:site_name\" content=\"MP TRANS Sp. z o.o\" \/>\n<meta name=\"twitter:card\" content=\"summary_large_image\" \/>\n<script type=\"application\/ld+json\" class=\"yoast-schema-graph\">{\"@context\":\"https:\\\/\\\/schema.org\",\"@graph\":[{\"@type\":\"WebPage\",\"@id\":\"https:\\\/\\\/mptrans.com.pl\\\/?page_id=145\",\"url\":\"https:\\\/\\\/mptrans.com.pl\\\/?page_id=145\",\"name\":\"Zr\u0119bki - MP TRANS Sp. z o.o\",\"isPartOf\":{\"@id\":\"https:\\\/\\\/mptrans.com.pl\\\/#website\"},\"datePublished\":\"2019-11-21T13:21:25+00:00\",\"breadcrumb\":{\"@id\":\"https:\\\/\\\/mptrans.com.pl\\\/?page_id=145#breadcrumb\"},\"inLanguage\":\"pl-PL\",\"potentialAction\":[{\"@type\":\"ReadAction\",\"target\":[\"https:\\\/\\\/mptrans.com.pl\\\/?page_id=145\"]}]},{\"@type\":\"BreadcrumbList\",\"@id\":\"https:\\\/\\\/mptrans.com.pl\\\/?page_id=145#breadcrumb\",\"itemListElement\":[{\"@type\":\"ListItem\",\"position\":1,\"name\":\"Home\",\"item\":\"https:\\\/\\\/mptrans.com.pl\\\/\"},{\"@type\":\"ListItem\",\"position\":2,\"name\":\"Oferta\",\"item\":\"https:\\\/\\\/mptrans.com.pl\\\/?page_id=26\"},{\"@type\":\"ListItem\",\"position\":3,\"name\":\"Zr\u0119bki\"}]},{\"@type\":\"WebSite\",\"@id\":\"https:\\\/\\\/mptrans.com.pl\\\/#website\",\"url\":\"https:\\\/\\\/mptrans.com.pl\\\/\",\"name\":\"MP TRANS Sp. z o.o\",\"description\":\"SKUP, SPRZEDA\u017b I TRANSPORT TARTACZNYCH PRODUKT\u00d3W UBOCZNYCH\",\"publisher\":{\"@id\":\"https:\\\/\\\/mptrans.com.pl\\\/#organization\"},\"potentialAction\":[{\"@type\":\"SearchAction\",\"target\":{\"@type\":\"EntryPoint\",\"urlTemplate\":\"https:\\\/\\\/mptrans.com.pl\\\/?s={search_term_string}\"},\"query-input\":{\"@type\":\"PropertyValueSpecification\",\"valueRequired\":true,\"valueName\":\"search_term_string\"}}],\"inLanguage\":\"pl-PL\"},{\"@type\":\"Organization\",\"@id\":\"https:\\\/\\\/mptrans.com.pl\\\/#organization\",\"name\":\"MP TRANS\",\"url\":\"https:\\\/\\\/mptrans.com.pl\\\/\",\"logo\":{\"@type\":\"ImageObject\",\"inLanguage\":\"pl-PL\",\"@id\":\"https:\\\/\\\/mptrans.com.pl\\\/#\\\/schema\\\/logo\\\/image\\\/\",\"url\":\"https:\\\/\\\/mptrans.com.pl\\\/wp-content\\\/uploads\\\/2019\\\/11\\\/mptrans_logo.jpg\",\"contentUrl\":\"https:\\\/\\\/mptrans.com.pl\\\/wp-content\\\/uploads\\\/2019\\\/11\\\/mptrans_logo.jpg\",\"width\":358,\"height\":62,\"caption\":\"MP TRANS\"},\"image\":{\"@id\":\"https:\\\/\\\/mptrans.com.pl\\\/#\\\/schema\\\/logo\\\/image\\\/\"}}]}<\/script>\n<!-- \/ Yoast SEO plugin. -->","yoast_head_json":{"title":"Zr\u0119bki - MP TRANS Sp. z o.o","robots":{"index":"index","follow":"follow","max-snippet":"max-snippet:-1","max-image-preview":"max-image-preview:large","max-video-preview":"max-video-preview:-1"},"canonical":"https:\/\/mptrans.com.pl\/?page_id=145","og_locale":"pl_PL","og_type":"article","og_title":"Zr\u0119bki - MP TRANS Sp. z o.o","og_description":"Zr\u0119bkami nazywamy drobne cz\u0105stki drewna mieszcz\u0105ce si\u0119 w wymiarach od kilku milimetr\u00f3w do kilku centymetr\u00f3w. Powstaj\u0105 one w wyniku rozdrabniania drewna w r\u0119bakach, kt\u00f3re dzielimy na r\u0119baki no\u017cowe oraz m\u0142otkowe. Maj\u0105 one zastosowanie przy produkcji p\u0142yt wi\u00f3rowych, pil\u015bniowych, celulozy, pelletu,","og_url":"https:\/\/mptrans.com.pl\/?page_id=145","og_site_name":"MP TRANS Sp. z o.o","twitter_card":"summary_large_image","schema":{"@context":"https:\/\/schema.org","@graph":[{"@type":"WebPage","@id":"https:\/\/mptrans.com.pl\/?page_id=145","url":"https:\/\/mptrans.com.pl\/?page_id=145","name":"Zr\u0119bki - MP TRANS Sp. z o.o","isPartOf":{"@id":"https:\/\/mptrans.com.pl\/#website"},"datePublished":"2019-11-21T13:21:25+00:00","breadcrumb":{"@id":"https:\/\/mptrans.com.pl\/?page_id=145#breadcrumb"},"inLanguage":"pl-PL","potentialAction":[{"@type":"ReadAction","target":["https:\/\/mptrans.com.pl\/?page_id=145"]}]},{"@type":"BreadcrumbList","@id":"https:\/\/mptrans.com.pl\/?page_id=145#breadcrumb","itemListElement":[{"@type":"ListItem","position":1,"name":"Home","item":"https:\/\/mptrans.com.pl\/"},{"@type":"ListItem","position":2,"name":"Oferta","item":"https:\/\/mptrans.com.pl\/?page_id=26"},{"@type":"ListItem","position":3,"name":"Zr\u0119bki"}]},{"@type":"WebSite","@id":"https:\/\/mptrans.com.pl\/#website","url":"https:\/\/mptrans.com.pl\/","name":"MP TRANS Sp. z o.o","description":"SKUP, SPRZEDA\u017b I TRANSPORT TARTACZNYCH PRODUKT\u00d3W UBOCZNYCH","publisher":{"@id":"https:\/\/mptrans.com.pl\/#organization"},"potentialAction":[{"@type":"SearchAction","target":{"@type":"EntryPoint","urlTemplate":"https:\/\/mptrans.com.pl\/?s={search_term_string}"},"query-input":{"@type":"PropertyValueSpecification","valueRequired":true,"valueName":"search_term_string"}}],"inLanguage":"pl-PL"},{"@type":"Organization","@id":"https:\/\/mptrans.com.pl\/#organization","name":"MP TRANS","url":"https:\/\/mptrans.com.pl\/","logo":{"@type":"ImageObject","inLanguage":"pl-PL","@id":"https:\/\/mptrans.com.pl\/#\/schema\/logo\/image\/","url":"https:\/\/mptrans.com.pl\/wp-content\/uploads\/2019\/11\/mptrans_logo.jpg","contentUrl":"https:\/\/mptrans.com.pl\/wp-content\/uploads\/2019\/11\/mptrans_logo.jpg","width":358,"height":62,"caption":"MP TRANS"},"image":{"@id":"https:\/\/mptrans.com.pl\/#\/schema\/logo\/image\/"}}]}},"_links":{"self":[{"href":"https:\/\/mptrans.com.pl\/index.php?rest_route=\/wp\/v2\/pages\/145","targetHints":{"allow":["GET"]}}],"collection":[{"href":"https:\/\/mptrans.com.pl\/index.php?rest_route=\/wp\/v2\/pages"}],"about":[{"href":"https:\/\/mptrans.com.pl\/index.php?rest_route=\/wp\/v2\/types\/page"}],"author":[{"embeddable":true,"href":"https:\/\/mptrans.com.pl\/index.php?rest_route=\/wp\/v2\/users\/1"}],"replies":[{"embeddable":true,"href":"https:\/\/mptrans.com.pl\/index.php?rest_route=%2Fwp%2Fv2%2Fcomments&post=145"}],"version-history":[{"count":1,"href":"https:\/\/mptrans.com.pl\/index.php?rest_route=\/wp\/v2\/pages\/145\/revisions"}],"predecessor-version":[{"id":146,"href":"https:\/\/mptrans.com.pl\/index.php?rest_route=\/wp\/v2\/pages\/145\/revisions\/146"}],"up":[{"embeddable":true,"href":"https:\/\/mptrans.com.pl\/index.php?rest_route=\/wp\/v2\/pages\/26"}],"wp:attachment":[{"href":"https:\/\/mptrans.com.pl\/index.php?rest_route=%2Fwp%2Fv2%2Fmedia&parent=145"}],"curies":[{"name":"wp","href":"https:\/\/api.w.org\/{rel}","templated":true}]}}