{"id":17,"date":"2019-11-18T15:37:07","date_gmt":"2019-11-18T14:37:07","guid":{"rendered":"http:\/\/hakowiec.iq.pl\/?page_id=17"},"modified":"2020-05-08T10:35:09","modified_gmt":"2020-05-08T08:35:09","slug":"flota","status":"publish","type":"page","link":"https:\/\/mptrans.com.pl\/?page_id=17","title":{"rendered":"Flota"},"content":{"rendered":"<p style=\"text-align: justify;\">Firma posiada pojazdy typu \u201ehakowiec&#8221; wraz z HDS, przystosowane do przewozu materia\u0142\u00f3w sypkich, ci\u0105gniki siod\u0142owe z naczepami typu &#8222;ruchoma pod\u0142oga&#8221;, a tak\u017ce wymienne kontenery, kt\u00f3re wstawia do licznych wsp\u00f3\u0142pracuj\u0105cych tartak\u00f3w, stolarni i zak\u0142ad\u00f3w drzewnych.<\/p>\n<p>&nbsp;<\/p>\n<p><img loading=\"lazy\" decoding=\"async\" class=\"alignleft wp-image-64 size-full\" src=\"https:\/\/mptrans.com.pl\/wp-content\/uploads\/2019\/11\/flota_1.jpg\" alt=\"\" width=\"300\" height=\"173\" \/> <img loading=\"lazy\" decoding=\"async\" class=\"alignright wp-image-65 size-full\" src=\"https:\/\/mptrans.com.pl\/wp-content\/uploads\/2019\/11\/flota_2.jpg\" alt=\"\" width=\"300\" height=\"168\" \/><\/p>\n<p>&nbsp;<\/p>\n<p>&nbsp;<\/p>\n<p>&nbsp;<\/p>\n<p>&nbsp;<\/p>\n<p>&nbsp;<\/p>\n","protected":false},"excerpt":{"rendered":"<p>Firma posiada pojazdy typu \u201ehakowiec&#8221; wraz z HDS, przystosowane do przewozu materia\u0142\u00f3w sypkich, ci\u0105gniki siod\u0142owe z naczepami typu &#8222;ruchoma pod\u0142oga&#8221;, a tak\u017ce wymienne kontenery, kt\u00f3re wstawia do licznych wsp\u00f3\u0142pracuj\u0105cych tartak\u00f3w, stolarni i zak\u0142ad\u00f3w drzewnych. &nbsp; &nbsp; &nbsp; &nbsp; &nbsp; &nbsp;<\/p>\n","protected":false},"author":1,"featured_media":0,"parent":0,"menu_order":5,"comment_status":"closed","ping_status":"closed","template":"","meta":{"footnotes":""},"class_list":["post-17","page","type-page","status-publish","hentry"],"yoast_head":"<!-- This site is optimized with the Yoast SEO plugin v27.4 - https:\/\/yoast.com\/product\/yoast-seo-wordpress\/ -->\n<title>Flota - MP TRANS Sp. z o.o<\/title>\n<meta name=\"robots\" content=\"index, follow, max-snippet:-1, max-image-preview:large, max-video-preview:-1\" \/>\n<link rel=\"canonical\" href=\"https:\/\/mptrans.com.pl\/?page_id=17\" \/>\n<meta property=\"og:locale\" content=\"pl_PL\" \/>\n<meta property=\"og:type\" content=\"article\" \/>\n<meta property=\"og:title\" content=\"Flota - MP TRANS Sp. z o.o\" \/>\n<meta property=\"og:description\" content=\"Firma posiada pojazdy typu \u201ehakowiec&#8221; wraz z HDS, przystosowane do przewozu materia\u0142\u00f3w sypkich, ci\u0105gniki siod\u0142owe z naczepami typu &#8222;ruchoma pod\u0142oga&#8221;, a tak\u017ce wymienne kontenery, kt\u00f3re wstawia do licznych wsp\u00f3\u0142pracuj\u0105cych tartak\u00f3w, stolarni i zak\u0142ad\u00f3w drzewnych. &nbsp; &nbsp; &nbsp; &nbsp; &nbsp; &nbsp;\" \/>\n<meta property=\"og:url\" content=\"https:\/\/mptrans.com.pl\/?page_id=17\" \/>\n<meta property=\"og:site_name\" content=\"MP TRANS Sp. z o.o\" \/>\n<meta property=\"article:modified_time\" content=\"2020-05-08T08:35:09+00:00\" \/>\n<meta property=\"og:image\" content=\"https:\/\/mptrans.com.pl\/wp-content\/uploads\/2019\/11\/flota_1.jpg\" \/>\n<meta name=\"twitter:card\" content=\"summary_large_image\" \/>\n<script type=\"application\/ld+json\" class=\"yoast-schema-graph\">{\"@context\":\"https:\\\/\\\/schema.org\",\"@graph\":[{\"@type\":\"WebPage\",\"@id\":\"https:\\\/\\\/mptrans.com.pl\\\/?page_id=17\",\"url\":\"https:\\\/\\\/mptrans.com.pl\\\/?page_id=17\",\"name\":\"Flota - MP TRANS Sp. z o.o\",\"isPartOf\":{\"@id\":\"https:\\\/\\\/mptrans.com.pl\\\/#website\"},\"primaryImageOfPage\":{\"@id\":\"https:\\\/\\\/mptrans.com.pl\\\/?page_id=17#primaryimage\"},\"image\":{\"@id\":\"https:\\\/\\\/mptrans.com.pl\\\/?page_id=17#primaryimage\"},\"thumbnailUrl\":\"https:\\\/\\\/mptrans.com.pl\\\/wp-content\\\/uploads\\\/2019\\\/11\\\/flota_1.jpg\",\"datePublished\":\"2019-11-18T14:37:07+00:00\",\"dateModified\":\"2020-05-08T08:35:09+00:00\",\"breadcrumb\":{\"@id\":\"https:\\\/\\\/mptrans.com.pl\\\/?page_id=17#breadcrumb\"},\"inLanguage\":\"pl-PL\",\"potentialAction\":[{\"@type\":\"ReadAction\",\"target\":[\"https:\\\/\\\/mptrans.com.pl\\\/?page_id=17\"]}]},{\"@type\":\"ImageObject\",\"inLanguage\":\"pl-PL\",\"@id\":\"https:\\\/\\\/mptrans.com.pl\\\/?page_id=17#primaryimage\",\"url\":\"https:\\\/\\\/mptrans.com.pl\\\/wp-content\\\/uploads\\\/2019\\\/11\\\/flota_1.jpg\",\"contentUrl\":\"https:\\\/\\\/mptrans.com.pl\\\/wp-content\\\/uploads\\\/2019\\\/11\\\/flota_1.jpg\",\"width\":300,\"height\":173},{\"@type\":\"BreadcrumbList\",\"@id\":\"https:\\\/\\\/mptrans.com.pl\\\/?page_id=17#breadcrumb\",\"itemListElement\":[{\"@type\":\"ListItem\",\"position\":1,\"name\":\"Home\",\"item\":\"https:\\\/\\\/mptrans.com.pl\\\/\"},{\"@type\":\"ListItem\",\"position\":2,\"name\":\"Flota\"}]},{\"@type\":\"WebSite\",\"@id\":\"https:\\\/\\\/mptrans.com.pl\\\/#website\",\"url\":\"https:\\\/\\\/mptrans.com.pl\\\/\",\"name\":\"MP TRANS Sp. z o.o\",\"description\":\"SKUP, SPRZEDA\u017b I TRANSPORT TARTACZNYCH PRODUKT\u00d3W UBOCZNYCH\",\"publisher\":{\"@id\":\"https:\\\/\\\/mptrans.com.pl\\\/#organization\"},\"potentialAction\":[{\"@type\":\"SearchAction\",\"target\":{\"@type\":\"EntryPoint\",\"urlTemplate\":\"https:\\\/\\\/mptrans.com.pl\\\/?s={search_term_string}\"},\"query-input\":{\"@type\":\"PropertyValueSpecification\",\"valueRequired\":true,\"valueName\":\"search_term_string\"}}],\"inLanguage\":\"pl-PL\"},{\"@type\":\"Organization\",\"@id\":\"https:\\\/\\\/mptrans.com.pl\\\/#organization\",\"name\":\"MP TRANS\",\"url\":\"https:\\\/\\\/mptrans.com.pl\\\/\",\"logo\":{\"@type\":\"ImageObject\",\"inLanguage\":\"pl-PL\",\"@id\":\"https:\\\/\\\/mptrans.com.pl\\\/#\\\/schema\\\/logo\\\/image\\\/\",\"url\":\"https:\\\/\\\/mptrans.com.pl\\\/wp-content\\\/uploads\\\/2019\\\/11\\\/mptrans_logo.jpg\",\"contentUrl\":\"https:\\\/\\\/mptrans.com.pl\\\/wp-content\\\/uploads\\\/2019\\\/11\\\/mptrans_logo.jpg\",\"width\":358,\"height\":62,\"caption\":\"MP TRANS\"},\"image\":{\"@id\":\"https:\\\/\\\/mptrans.com.pl\\\/#\\\/schema\\\/logo\\\/image\\\/\"}}]}<\/script>\n<!-- \/ Yoast SEO plugin. -->","yoast_head_json":{"title":"Flota - MP TRANS Sp. z o.o","robots":{"index":"index","follow":"follow","max-snippet":"max-snippet:-1","max-image-preview":"max-image-preview:large","max-video-preview":"max-video-preview:-1"},"canonical":"https:\/\/mptrans.com.pl\/?page_id=17","og_locale":"pl_PL","og_type":"article","og_title":"Flota - MP TRANS Sp. z o.o","og_description":"Firma posiada pojazdy typu \u201ehakowiec&#8221; wraz z HDS, przystosowane do przewozu materia\u0142\u00f3w sypkich, ci\u0105gniki siod\u0142owe z naczepami typu &#8222;ruchoma pod\u0142oga&#8221;, a tak\u017ce wymienne kontenery, kt\u00f3re wstawia do licznych wsp\u00f3\u0142pracuj\u0105cych tartak\u00f3w, stolarni i zak\u0142ad\u00f3w drzewnych. &nbsp; &nbsp; &nbsp; &nbsp; &nbsp; &nbsp;","og_url":"https:\/\/mptrans.com.pl\/?page_id=17","og_site_name":"MP TRANS Sp. z o.o","article_modified_time":"2020-05-08T08:35:09+00:00","og_image":[{"url":"https:\/\/mptrans.com.pl\/wp-content\/uploads\/2019\/11\/flota_1.jpg","type":"","width":"","height":""}],"twitter_card":"summary_large_image","schema":{"@context":"https:\/\/schema.org","@graph":[{"@type":"WebPage","@id":"https:\/\/mptrans.com.pl\/?page_id=17","url":"https:\/\/mptrans.com.pl\/?page_id=17","name":"Flota - MP TRANS Sp. z o.o","isPartOf":{"@id":"https:\/\/mptrans.com.pl\/#website"},"primaryImageOfPage":{"@id":"https:\/\/mptrans.com.pl\/?page_id=17#primaryimage"},"image":{"@id":"https:\/\/mptrans.com.pl\/?page_id=17#primaryimage"},"thumbnailUrl":"https:\/\/mptrans.com.pl\/wp-content\/uploads\/2019\/11\/flota_1.jpg","datePublished":"2019-11-18T14:37:07+00:00","dateModified":"2020-05-08T08:35:09+00:00","breadcrumb":{"@id":"https:\/\/mptrans.com.pl\/?page_id=17#breadcrumb"},"inLanguage":"pl-PL","potentialAction":[{"@type":"ReadAction","target":["https:\/\/mptrans.com.pl\/?page_id=17"]}]},{"@type":"ImageObject","inLanguage":"pl-PL","@id":"https:\/\/mptrans.com.pl\/?page_id=17#primaryimage","url":"https:\/\/mptrans.com.pl\/wp-content\/uploads\/2019\/11\/flota_1.jpg","contentUrl":"https:\/\/mptrans.com.pl\/wp-content\/uploads\/2019\/11\/flota_1.jpg","width":300,"height":173},{"@type":"BreadcrumbList","@id":"https:\/\/mptrans.com.pl\/?page_id=17#breadcrumb","itemListElement":[{"@type":"ListItem","position":1,"name":"Home","item":"https:\/\/mptrans.com.pl\/"},{"@type":"ListItem","position":2,"name":"Flota"}]},{"@type":"WebSite","@id":"https:\/\/mptrans.com.pl\/#website","url":"https:\/\/mptrans.com.pl\/","name":"MP TRANS Sp. z o.o","description":"SKUP, SPRZEDA\u017b I TRANSPORT TARTACZNYCH PRODUKT\u00d3W UBOCZNYCH","publisher":{"@id":"https:\/\/mptrans.com.pl\/#organization"},"potentialAction":[{"@type":"SearchAction","target":{"@type":"EntryPoint","urlTemplate":"https:\/\/mptrans.com.pl\/?s={search_term_string}"},"query-input":{"@type":"PropertyValueSpecification","valueRequired":true,"valueName":"search_term_string"}}],"inLanguage":"pl-PL"},{"@type":"Organization","@id":"https:\/\/mptrans.com.pl\/#organization","name":"MP TRANS","url":"https:\/\/mptrans.com.pl\/","logo":{"@type":"ImageObject","inLanguage":"pl-PL","@id":"https:\/\/mptrans.com.pl\/#\/schema\/logo\/image\/","url":"https:\/\/mptrans.com.pl\/wp-content\/uploads\/2019\/11\/mptrans_logo.jpg","contentUrl":"https:\/\/mptrans.com.pl\/wp-content\/uploads\/2019\/11\/mptrans_logo.jpg","width":358,"height":62,"caption":"MP TRANS"},"image":{"@id":"https:\/\/mptrans.com.pl\/#\/schema\/logo\/image\/"}}]}},"_links":{"self":[{"href":"https:\/\/mptrans.com.pl\/index.php?rest_route=\/wp\/v2\/pages\/17","targetHints":{"allow":["GET"]}}],"collection":[{"href":"https:\/\/mptrans.com.pl\/index.php?rest_route=\/wp\/v2\/pages"}],"about":[{"href":"https:\/\/mptrans.com.pl\/index.php?rest_route=\/wp\/v2\/types\/page"}],"author":[{"embeddable":true,"href":"https:\/\/mptrans.com.pl\/index.php?rest_route=\/wp\/v2\/users\/1"}],"replies":[{"embeddable":true,"href":"https:\/\/mptrans.com.pl\/index.php?rest_route=%2Fwp%2Fv2%2Fcomments&post=17"}],"version-history":[{"count":11,"href":"https:\/\/mptrans.com.pl\/index.php?rest_route=\/wp\/v2\/pages\/17\/revisions"}],"predecessor-version":[{"id":253,"href":"https:\/\/mptrans.com.pl\/index.php?rest_route=\/wp\/v2\/pages\/17\/revisions\/253"}],"wp:attachment":[{"href":"https:\/\/mptrans.com.pl\/index.php?rest_route=%2Fwp%2Fv2%2Fmedia&parent=17"}],"curies":[{"name":"wp","href":"https:\/\/api.w.org\/{rel}","templated":true}]}}