{"id":54,"date":"2019-11-21T11:51:54","date_gmt":"2019-11-21T10:51:54","guid":{"rendered":"http:\/\/hakowiec.iq.pl\/?page_id=54"},"modified":"2019-11-25T12:57:00","modified_gmt":"2019-11-25T11:57:00","slug":"kontakt","status":"publish","type":"page","link":"https:\/\/mptrans.com.pl\/?page_id=54","title":{"rendered":"Kontakt"},"content":{"rendered":"<p>MP-TRANS Sp. z o.o<br \/>\nUl. Gen. Franciszka \u017bymirskiego 53<br \/>\n05-230 Koby\u0142ka<\/p>\n<p><strong>NIP:<\/strong> 1251631276<br \/>\n<strong>kom\u00f3rka:<\/strong> 692 357 844<\/p>\n<p><strong>e-mail:<\/strong><br \/>\nmprzybysz@mptrans.com.pl<br \/>\nbiuro@mptrans.com.pl<\/p>\n<p>&nbsp;<\/p>\n<p><iframe loading=\"lazy\" style=\"border: 0;\" src=\"https:\/\/www.google.com\/maps\/embed?pb=!1m18!1m12!1m3!1d2437.6903657931734!2d21.206279815814145!3d52.33976307978043!2m3!1f0!2f0!3f0!3m2!1i1024!2i768!4f13.1!3m3!1m2!1s0x471eda94d788da83%3A0x21dbee21bdcb6eec!2sMP-TRANS%20SP.%20Z%20O.O.!5e0!3m2!1spl!2spl!4v1574333629701!5m2!1spl!2spl\" width=\"1100\" height=\"450\" frameborder=\"0\" allowfullscreen=\"allowfullscreen\"><span style=\"display: inline-block; width: 0px; overflow: hidden; line-height: 0;\" data-mce-type=\"bookmark\" class=\"mce_SELRES_start\">\ufeff<\/span><\/iframe><\/p>\n","protected":false},"excerpt":{"rendered":"<p>MP-TRANS Sp. z o.o Ul. Gen. Franciszka \u017bymirskiego 53 05-230 Koby\u0142ka NIP: 1251631276 kom\u00f3rka: 692 357 844 e-mail: mprzybysz@mptrans.com.pl biuro@mptrans.com.pl &nbsp; \ufeff<\/p>\n","protected":false},"author":1,"featured_media":0,"parent":0,"menu_order":7,"comment_status":"closed","ping_status":"closed","template":"","meta":{"footnotes":""},"class_list":["post-54","page","type-page","status-publish","hentry"],"yoast_head":"<!-- This site is optimized with the Yoast SEO plugin v27.4 - https:\/\/yoast.com\/product\/yoast-seo-wordpress\/ -->\n<title>Kontakt - MP TRANS Sp. z o.o<\/title>\n<meta name=\"robots\" content=\"index, follow, max-snippet:-1, max-image-preview:large, max-video-preview:-1\" \/>\n<link rel=\"canonical\" href=\"https:\/\/mptrans.com.pl\/?page_id=54\" \/>\n<meta property=\"og:locale\" content=\"pl_PL\" \/>\n<meta property=\"og:type\" content=\"article\" \/>\n<meta property=\"og:title\" content=\"Kontakt - MP TRANS Sp. z o.o\" \/>\n<meta property=\"og:description\" content=\"MP-TRANS Sp. z o.o Ul. Gen. Franciszka \u017bymirskiego 53 05-230 Koby\u0142ka NIP: 1251631276 kom\u00f3rka: 692 357 844 e-mail: mprzybysz@mptrans.com.pl biuro@mptrans.com.pl &nbsp; \ufeff\" \/>\n<meta property=\"og:url\" content=\"https:\/\/mptrans.com.pl\/?page_id=54\" \/>\n<meta property=\"og:site_name\" content=\"MP TRANS Sp. z o.o\" \/>\n<meta property=\"article:modified_time\" content=\"2019-11-25T11:57:00+00:00\" \/>\n<meta name=\"twitter:card\" content=\"summary_large_image\" \/>\n<script type=\"application\/ld+json\" class=\"yoast-schema-graph\">{\"@context\":\"https:\\\/\\\/schema.org\",\"@graph\":[{\"@type\":\"WebPage\",\"@id\":\"https:\\\/\\\/mptrans.com.pl\\\/?page_id=54\",\"url\":\"https:\\\/\\\/mptrans.com.pl\\\/?page_id=54\",\"name\":\"Kontakt - MP TRANS Sp. z o.o\",\"isPartOf\":{\"@id\":\"https:\\\/\\\/mptrans.com.pl\\\/#website\"},\"datePublished\":\"2019-11-21T10:51:54+00:00\",\"dateModified\":\"2019-11-25T11:57:00+00:00\",\"breadcrumb\":{\"@id\":\"https:\\\/\\\/mptrans.com.pl\\\/?page_id=54#breadcrumb\"},\"inLanguage\":\"pl-PL\",\"potentialAction\":[{\"@type\":\"ReadAction\",\"target\":[\"https:\\\/\\\/mptrans.com.pl\\\/?page_id=54\"]}]},{\"@type\":\"BreadcrumbList\",\"@id\":\"https:\\\/\\\/mptrans.com.pl\\\/?page_id=54#breadcrumb\",\"itemListElement\":[{\"@type\":\"ListItem\",\"position\":1,\"name\":\"Home\",\"item\":\"https:\\\/\\\/mptrans.com.pl\\\/\"},{\"@type\":\"ListItem\",\"position\":2,\"name\":\"Kontakt\"}]},{\"@type\":\"WebSite\",\"@id\":\"https:\\\/\\\/mptrans.com.pl\\\/#website\",\"url\":\"https:\\\/\\\/mptrans.com.pl\\\/\",\"name\":\"MP TRANS Sp. z o.o\",\"description\":\"SKUP, SPRZEDA\u017b I TRANSPORT TARTACZNYCH PRODUKT\u00d3W UBOCZNYCH\",\"publisher\":{\"@id\":\"https:\\\/\\\/mptrans.com.pl\\\/#organization\"},\"potentialAction\":[{\"@type\":\"SearchAction\",\"target\":{\"@type\":\"EntryPoint\",\"urlTemplate\":\"https:\\\/\\\/mptrans.com.pl\\\/?s={search_term_string}\"},\"query-input\":{\"@type\":\"PropertyValueSpecification\",\"valueRequired\":true,\"valueName\":\"search_term_string\"}}],\"inLanguage\":\"pl-PL\"},{\"@type\":\"Organization\",\"@id\":\"https:\\\/\\\/mptrans.com.pl\\\/#organization\",\"name\":\"MP TRANS\",\"url\":\"https:\\\/\\\/mptrans.com.pl\\\/\",\"logo\":{\"@type\":\"ImageObject\",\"inLanguage\":\"pl-PL\",\"@id\":\"https:\\\/\\\/mptrans.com.pl\\\/#\\\/schema\\\/logo\\\/image\\\/\",\"url\":\"https:\\\/\\\/mptrans.com.pl\\\/wp-content\\\/uploads\\\/2019\\\/11\\\/mptrans_logo.jpg\",\"contentUrl\":\"https:\\\/\\\/mptrans.com.pl\\\/wp-content\\\/uploads\\\/2019\\\/11\\\/mptrans_logo.jpg\",\"width\":358,\"height\":62,\"caption\":\"MP TRANS\"},\"image\":{\"@id\":\"https:\\\/\\\/mptrans.com.pl\\\/#\\\/schema\\\/logo\\\/image\\\/\"}}]}<\/script>\n<!-- \/ Yoast SEO plugin. -->","yoast_head_json":{"title":"Kontakt - MP TRANS Sp. z o.o","robots":{"index":"index","follow":"follow","max-snippet":"max-snippet:-1","max-image-preview":"max-image-preview:large","max-video-preview":"max-video-preview:-1"},"canonical":"https:\/\/mptrans.com.pl\/?page_id=54","og_locale":"pl_PL","og_type":"article","og_title":"Kontakt - MP TRANS Sp. z o.o","og_description":"MP-TRANS Sp. z o.o Ul. Gen. Franciszka \u017bymirskiego 53 05-230 Koby\u0142ka NIP: 1251631276 kom\u00f3rka: 692 357 844 e-mail: mprzybysz@mptrans.com.pl biuro@mptrans.com.pl &nbsp; \ufeff","og_url":"https:\/\/mptrans.com.pl\/?page_id=54","og_site_name":"MP TRANS Sp. z o.o","article_modified_time":"2019-11-25T11:57:00+00:00","twitter_card":"summary_large_image","schema":{"@context":"https:\/\/schema.org","@graph":[{"@type":"WebPage","@id":"https:\/\/mptrans.com.pl\/?page_id=54","url":"https:\/\/mptrans.com.pl\/?page_id=54","name":"Kontakt - MP TRANS Sp. z o.o","isPartOf":{"@id":"https:\/\/mptrans.com.pl\/#website"},"datePublished":"2019-11-21T10:51:54+00:00","dateModified":"2019-11-25T11:57:00+00:00","breadcrumb":{"@id":"https:\/\/mptrans.com.pl\/?page_id=54#breadcrumb"},"inLanguage":"pl-PL","potentialAction":[{"@type":"ReadAction","target":["https:\/\/mptrans.com.pl\/?page_id=54"]}]},{"@type":"BreadcrumbList","@id":"https:\/\/mptrans.com.pl\/?page_id=54#breadcrumb","itemListElement":[{"@type":"ListItem","position":1,"name":"Home","item":"https:\/\/mptrans.com.pl\/"},{"@type":"ListItem","position":2,"name":"Kontakt"}]},{"@type":"WebSite","@id":"https:\/\/mptrans.com.pl\/#website","url":"https:\/\/mptrans.com.pl\/","name":"MP TRANS Sp. z o.o","description":"SKUP, SPRZEDA\u017b I TRANSPORT TARTACZNYCH PRODUKT\u00d3W UBOCZNYCH","publisher":{"@id":"https:\/\/mptrans.com.pl\/#organization"},"potentialAction":[{"@type":"SearchAction","target":{"@type":"EntryPoint","urlTemplate":"https:\/\/mptrans.com.pl\/?s={search_term_string}"},"query-input":{"@type":"PropertyValueSpecification","valueRequired":true,"valueName":"search_term_string"}}],"inLanguage":"pl-PL"},{"@type":"Organization","@id":"https:\/\/mptrans.com.pl\/#organization","name":"MP TRANS","url":"https:\/\/mptrans.com.pl\/","logo":{"@type":"ImageObject","inLanguage":"pl-PL","@id":"https:\/\/mptrans.com.pl\/#\/schema\/logo\/image\/","url":"https:\/\/mptrans.com.pl\/wp-content\/uploads\/2019\/11\/mptrans_logo.jpg","contentUrl":"https:\/\/mptrans.com.pl\/wp-content\/uploads\/2019\/11\/mptrans_logo.jpg","width":358,"height":62,"caption":"MP TRANS"},"image":{"@id":"https:\/\/mptrans.com.pl\/#\/schema\/logo\/image\/"}}]}},"_links":{"self":[{"href":"https:\/\/mptrans.com.pl\/index.php?rest_route=\/wp\/v2\/pages\/54","targetHints":{"allow":["GET"]}}],"collection":[{"href":"https:\/\/mptrans.com.pl\/index.php?rest_route=\/wp\/v2\/pages"}],"about":[{"href":"https:\/\/mptrans.com.pl\/index.php?rest_route=\/wp\/v2\/types\/page"}],"author":[{"embeddable":true,"href":"https:\/\/mptrans.com.pl\/index.php?rest_route=\/wp\/v2\/users\/1"}],"replies":[{"embeddable":true,"href":"https:\/\/mptrans.com.pl\/index.php?rest_route=%2Fwp%2Fv2%2Fcomments&post=54"}],"version-history":[{"count":9,"href":"https:\/\/mptrans.com.pl\/index.php?rest_route=\/wp\/v2\/pages\/54\/revisions"}],"predecessor-version":[{"id":196,"href":"https:\/\/mptrans.com.pl\/index.php?rest_route=\/wp\/v2\/pages\/54\/revisions\/196"}],"wp:attachment":[{"href":"https:\/\/mptrans.com.pl\/index.php?rest_route=%2Fwp%2Fv2%2Fmedia&parent=54"}],"curies":[{"name":"wp","href":"https:\/\/api.w.org\/{rel}","templated":true}]}}